{"id":22245,"date":"2026-01-29T17:41:05","date_gmt":"2026-01-29T16:41:05","guid":{"rendered":"https:\/\/lorenzmarine.com\/product\/airmar-trasduttore-b744v-xid\/"},"modified":"2026-01-29T17:41:07","modified_gmt":"2026-01-29T16:41:07","slug":"airmar-trasduttore-b744v-xid","status":"publish","type":"product","link":"https:\/\/lorenzmarine.com\/en\/product\/airmar-trasduttore-b744v-xid\/","title":{"rendered":"AIRMAR Trasduttore B744V XID"},"content":{"rendered":"<p>Trasduttore Multisensore Airmar B744V \u2013 Profondit\u00e0, Velocit\u00e0 e Temperatura, Doppia Frequenza 50\/200 kHz<br \/>\nIl B744V TRIDUCER\u00ae \u00e8 un trasduttore multisensore che integra in un unico dispositivo la rilevazione di profondit\u00e0, velocit\u00e0 e temperatura. Dotato di un elemento ceramico singolo a doppia frequenza 50\/200 kHz, garantisce un\u2019eccellente definizione del fondo in acque basse a 200 kHz e un\u2019ottima tracciatura del fondale in acque profonde a 50 kHz.<\/p>\n<p>Per imbarcazioni con scafo a forte angolo di deadrise o con scafi in vetroresina spessa o legno, \u00e8 disponibile la versione con gambo pi\u00f9 lungo B744VL. L\u2019uso del High-performance Fairing opzionale assicura risultati ottimali anche a velocit\u00e0 fino a 30 nodi (circa 55 km\/h).<\/p>\n","protected":false},"excerpt":{"rendered":"<p>I trasduttori AIRMAR\u00ae sono completamente compatibili con gli ecoscandaglio Lorenz delle serie Atom e Magnum, offrendo il massimo delle prestazioni per la navigazione professionale e ricreativa. Grazie a questa compatibilit\u00e0, \u00e8 possibile sfruttare appieno tutte le funzionalit\u00e0 degli ecoscandagli Lorenz per una navigazione precisa e affidabile.<\/p>\n","protected":false},"featured_media":0,"template":"","meta":{"_acf_changed":false},"product_brand":[470],"product_cat":[383,381],"product_tag":[],"class_list":{"0":"post-22245","1":"product","2":"type-product","3":"status-publish","5":"product_brand-airmar","6":"product_cat-accessori","7":"product_cat-trasduttori","8":"pa_frequenza-50-200-khz","9":"pa_installazione-thru-hull-passante","10":"pa_materiale-bronzo","11":"pa_potenza-600-watt","13":"first","14":"instock","15":"product-type-simple"},"acf":[],"yoast_head":"<!-- This site is optimized with the Yoast SEO plugin v27.5 - https:\/\/yoast.com\/product\/yoast-seo-wordpress\/ -->\n<title>AIRMAR Trasduttore B744V XID - Lorenz Marine<\/title>\n<meta name=\"robots\" content=\"index, follow, max-snippet:-1, max-image-preview:large, max-video-preview:-1\" \/>\n<link rel=\"canonical\" href=\"https:\/\/lorenzmarine.com\/product\/airmar-trasduttore-b744v-xid\/\" \/>\n<meta property=\"og:locale\" content=\"en_US\" \/>\n<meta property=\"og:type\" content=\"article\" \/>\n<meta property=\"og:title\" content=\"AIRMAR Trasduttore B744V XID - Lorenz Marine\" \/>\n<meta property=\"og:description\" content=\"I trasduttori AIRMAR\u00ae sono completamente compatibili con gli ecoscandaglio Lorenz delle serie Atom e Magnum, offrendo il massimo delle prestazioni per la navigazione professionale e ricreativa. Grazie a questa compatibilit\u00e0, \u00e8 possibile sfruttare appieno tutte le funzionalit\u00e0 degli ecoscandagli Lorenz per una navigazione precisa e affidabile.\" \/>\n<meta property=\"og:url\" content=\"https:\/\/lorenzmarine.com\/product\/airmar-trasduttore-b744v-xid\/\" \/>\n<meta property=\"og:site_name\" content=\"Lorenz Marine\" \/>\n<meta property=\"article:publisher\" content=\"https:\/\/www.facebook.com\/LorenzMarine\/\" \/>\n<meta property=\"article:modified_time\" content=\"2026-01-29T16:41:07+00:00\" \/>\n<meta name=\"twitter:card\" content=\"summary_large_image\" \/>\n<meta name=\"twitter:label1\" content=\"Est. reading time\" \/>\n\t<meta name=\"twitter:data1\" content=\"1 minute\" \/>\n<script type=\"application\/ld+json\" class=\"yoast-schema-graph\">{\"@context\":\"https:\\\/\\\/schema.org\",\"@graph\":[{\"@type\":\"WebPage\",\"@id\":\"https:\\\/\\\/lorenzmarine.com\\\/product\\\/airmar-trasduttore-b744v-xid\\\/\",\"url\":\"https:\\\/\\\/lorenzmarine.com\\\/product\\\/airmar-trasduttore-b744v-xid\\\/\",\"name\":\"AIRMAR Trasduttore B744V XID - Lorenz Marine\",\"isPartOf\":{\"@id\":\"https:\\\/\\\/lorenzmarine.com\\\/#website\"},\"datePublished\":\"2026-01-29T16:41:05+00:00\",\"dateModified\":\"2026-01-29T16:41:07+00:00\",\"breadcrumb\":{\"@id\":\"https:\\\/\\\/lorenzmarine.com\\\/product\\\/airmar-trasduttore-b744v-xid\\\/#breadcrumb\"},\"inLanguage\":\"en-US\",\"potentialAction\":[{\"@type\":\"ReadAction\",\"target\":[\"https:\\\/\\\/lorenzmarine.com\\\/product\\\/airmar-trasduttore-b744v-xid\\\/\"]}]},{\"@type\":\"BreadcrumbList\",\"@id\":\"https:\\\/\\\/lorenzmarine.com\\\/product\\\/airmar-trasduttore-b744v-xid\\\/#breadcrumb\",\"itemListElement\":[{\"@type\":\"ListItem\",\"position\":1,\"name\":\"Home\",\"item\":\"https:\\\/\\\/lorenzmarine.com\\\/home\\\/\"},{\"@type\":\"ListItem\",\"position\":2,\"name\":\"Shop\",\"item\":\"https:\\\/\\\/lorenzmarine.com\\\/negozio\\\/\"},{\"@type\":\"ListItem\",\"position\":3,\"name\":\"AIRMAR Trasduttore B744V XID\"}]},{\"@type\":\"WebSite\",\"@id\":\"https:\\\/\\\/lorenzmarine.com\\\/#website\",\"url\":\"https:\\\/\\\/lorenzmarine.com\\\/\",\"name\":\"Lorenz Marine\",\"description\":\"Marine Electronics\",\"publisher\":{\"@id\":\"https:\\\/\\\/lorenzmarine.com\\\/#organization\"},\"potentialAction\":[{\"@type\":\"SearchAction\",\"target\":{\"@type\":\"EntryPoint\",\"urlTemplate\":\"https:\\\/\\\/lorenzmarine.com\\\/?s={search_term_string}\"},\"query-input\":{\"@type\":\"PropertyValueSpecification\",\"valueRequired\":true,\"valueName\":\"search_term_string\"}}],\"inLanguage\":\"en-US\"},{\"@type\":\"Organization\",\"@id\":\"https:\\\/\\\/lorenzmarine.com\\\/#organization\",\"name\":\"Lorenz Marine\",\"url\":\"https:\\\/\\\/lorenzmarine.com\\\/\",\"logo\":{\"@type\":\"ImageObject\",\"inLanguage\":\"en-US\",\"@id\":\"https:\\\/\\\/lorenzmarine.com\\\/#\\\/schema\\\/logo\\\/image\\\/\",\"url\":\"https:\\\/\\\/lorenzmarine.com\\\/wp-content\\\/uploads\\\/2018\\\/08\\\/Logo_LORENZMARINE-03.png\",\"contentUrl\":\"https:\\\/\\\/lorenzmarine.com\\\/wp-content\\\/uploads\\\/2018\\\/08\\\/Logo_LORENZMARINE-03.png\",\"width\":435,\"height\":81,\"caption\":\"Lorenz Marine\"},\"image\":{\"@id\":\"https:\\\/\\\/lorenzmarine.com\\\/#\\\/schema\\\/logo\\\/image\\\/\"},\"sameAs\":[\"https:\\\/\\\/www.facebook.com\\\/LorenzMarine\\\/\",\"https:\\\/\\\/www.instagram.com\\\/lorenzmarine_\\\/?hl=it\"]}]}<\/script>\n<!-- \/ Yoast SEO plugin. -->","yoast_head_json":{"title":"AIRMAR Trasduttore B744V XID - Lorenz Marine","robots":{"index":"index","follow":"follow","max-snippet":"max-snippet:-1","max-image-preview":"max-image-preview:large","max-video-preview":"max-video-preview:-1"},"canonical":"https:\/\/lorenzmarine.com\/product\/airmar-trasduttore-b744v-xid\/","og_locale":"en_US","og_type":"article","og_title":"AIRMAR Trasduttore B744V XID - Lorenz Marine","og_description":"I trasduttori AIRMAR\u00ae sono completamente compatibili con gli ecoscandaglio Lorenz delle serie Atom e Magnum, offrendo il massimo delle prestazioni per la navigazione professionale e ricreativa. Grazie a questa compatibilit\u00e0, \u00e8 possibile sfruttare appieno tutte le funzionalit\u00e0 degli ecoscandagli Lorenz per una navigazione precisa e affidabile.","og_url":"https:\/\/lorenzmarine.com\/product\/airmar-trasduttore-b744v-xid\/","og_site_name":"Lorenz Marine","article_publisher":"https:\/\/www.facebook.com\/LorenzMarine\/","article_modified_time":"2026-01-29T16:41:07+00:00","twitter_card":"summary_large_image","twitter_misc":{"Est. reading time":"1 minute"},"schema":{"@context":"https:\/\/schema.org","@graph":[{"@type":"WebPage","@id":"https:\/\/lorenzmarine.com\/product\/airmar-trasduttore-b744v-xid\/","url":"https:\/\/lorenzmarine.com\/product\/airmar-trasduttore-b744v-xid\/","name":"AIRMAR Trasduttore B744V XID - Lorenz Marine","isPartOf":{"@id":"https:\/\/lorenzmarine.com\/#website"},"datePublished":"2026-01-29T16:41:05+00:00","dateModified":"2026-01-29T16:41:07+00:00","breadcrumb":{"@id":"https:\/\/lorenzmarine.com\/product\/airmar-trasduttore-b744v-xid\/#breadcrumb"},"inLanguage":"en-US","potentialAction":[{"@type":"ReadAction","target":["https:\/\/lorenzmarine.com\/product\/airmar-trasduttore-b744v-xid\/"]}]},{"@type":"BreadcrumbList","@id":"https:\/\/lorenzmarine.com\/product\/airmar-trasduttore-b744v-xid\/#breadcrumb","itemListElement":[{"@type":"ListItem","position":1,"name":"Home","item":"https:\/\/lorenzmarine.com\/home\/"},{"@type":"ListItem","position":2,"name":"Shop","item":"https:\/\/lorenzmarine.com\/negozio\/"},{"@type":"ListItem","position":3,"name":"AIRMAR Trasduttore B744V XID"}]},{"@type":"WebSite","@id":"https:\/\/lorenzmarine.com\/#website","url":"https:\/\/lorenzmarine.com\/","name":"Lorenz Marine","description":"Marine Electronics","publisher":{"@id":"https:\/\/lorenzmarine.com\/#organization"},"potentialAction":[{"@type":"SearchAction","target":{"@type":"EntryPoint","urlTemplate":"https:\/\/lorenzmarine.com\/?s={search_term_string}"},"query-input":{"@type":"PropertyValueSpecification","valueRequired":true,"valueName":"search_term_string"}}],"inLanguage":"en-US"},{"@type":"Organization","@id":"https:\/\/lorenzmarine.com\/#organization","name":"Lorenz Marine","url":"https:\/\/lorenzmarine.com\/","logo":{"@type":"ImageObject","inLanguage":"en-US","@id":"https:\/\/lorenzmarine.com\/#\/schema\/logo\/image\/","url":"https:\/\/lorenzmarine.com\/wp-content\/uploads\/2018\/08\/Logo_LORENZMARINE-03.png","contentUrl":"https:\/\/lorenzmarine.com\/wp-content\/uploads\/2018\/08\/Logo_LORENZMARINE-03.png","width":435,"height":81,"caption":"Lorenz Marine"},"image":{"@id":"https:\/\/lorenzmarine.com\/#\/schema\/logo\/image\/"},"sameAs":["https:\/\/www.facebook.com\/LorenzMarine\/","https:\/\/www.instagram.com\/lorenzmarine_\/?hl=it"]}]}},"_links":{"self":[{"href":"https:\/\/lorenzmarine.com\/en\/wp-json\/wp\/v2\/product\/22245","targetHints":{"allow":["GET"]}}],"collection":[{"href":"https:\/\/lorenzmarine.com\/en\/wp-json\/wp\/v2\/product"}],"about":[{"href":"https:\/\/lorenzmarine.com\/en\/wp-json\/wp\/v2\/types\/product"}],"wp:attachment":[{"href":"https:\/\/lorenzmarine.com\/en\/wp-json\/wp\/v2\/media?parent=22245"}],"wp:term":[{"taxonomy":"product_brand","embeddable":true,"href":"https:\/\/lorenzmarine.com\/en\/wp-json\/wp\/v2\/product_brand?post=22245"},{"taxonomy":"product_cat","embeddable":true,"href":"https:\/\/lorenzmarine.com\/en\/wp-json\/wp\/v2\/product_cat?post=22245"},{"taxonomy":"product_tag","embeddable":true,"href":"https:\/\/lorenzmarine.com\/en\/wp-json\/wp\/v2\/product_tag?post=22245"}],"curies":[{"name":"wp","href":"https:\/\/api.w.org\/{rel}","templated":true}]}}